{"id":112674,"date":"2023-04-07T11:14:28","date_gmt":"2023-04-07T08:14:28","guid":{"rendered":"https:\/\/istanbul.ddb.com\/contact\/"},"modified":"2024-08-07T11:39:52","modified_gmt":"2024-08-07T08:39:52","slug":"contact","status":"publish","type":"page","link":"https:\/\/istanbul.ddb.com\/en\/contact\/","title":{"rendered":"Contact"},"content":{"rendered":"<p>[et_pb_section fb_built=&#8221;1&#8243; _builder_version=&#8221;4.20.4&#8243; _module_preset=&#8221;default&#8221; custom_padding=&#8221;||0px||false|false&#8221; global_colors_info=&#8221;{}&#8221;][et_pb_row column_structure=&#8221;1_3,2_3&#8243; use_custom_gutter=&#8221;on&#8221; gutter_width=&#8221;1&#8243; _builder_version=&#8221;4.20.4&#8243; _module_preset=&#8221;default&#8221; width=&#8221;95%&#8221; max_width=&#8221;100%&#8221; custom_padding=&#8221;||40px||false|false&#8221; global_colors_info=&#8221;{}&#8221;][et_pb_column type=&#8221;1_3&#8243; _builder_version=&#8221;4.20.4&#8243; _module_preset=&#8221;default&#8221; global_colors_info=&#8221;{}&#8221;][\/et_pb_column][et_pb_column type=&#8221;2_3&#8243; _builder_version=&#8221;4.20.4&#8243; _module_preset=&#8221;default&#8221; global_colors_info=&#8221;{}&#8221;][et_pb_text _builder_version=&#8221;4.20.4&#8243; _module_preset=&#8221;default&#8221; text_font=&#8221;|600|||||||&#8221; text_text_color=&#8221;#6bc961&#8243; global_colors_info=&#8221;{}&#8221;]<\/p>\n<p>\/CONTACT<\/p>\n<p>[\/et_pb_text][et_pb_text _builder_version=&#8221;4.20.4&#8243; _module_preset=&#8221;default&#8221; text_font=&#8221;|700|||||||&#8221; text_font_size=&#8221;52px&#8221; text_line_height=&#8221;68px&#8221; custom_padding=&#8221;50px||50px||false|false&#8221; global_colors_info=&#8221;{}&#8221;]<\/p>\n<p>Let&#8217;s meet up<br \/><span style=\"color: #27cbcb;\">soon<\/span><\/p>\n<p>[\/et_pb_text][\/et_pb_column][\/et_pb_row][\/et_pb_section][et_pb_section fb_built=&#8221;1&#8243; fullwidth=&#8221;on&#8221; _builder_version=&#8221;4.20.4&#8243; _module_preset=&#8221;default&#8221; global_colors_info=&#8221;{}&#8221;][et_pb_fullwidth_map address=&#8221;Esentepe, Apa Nef Plaza, Ali Kaya Sk. No:3, 34394 \u015ei\u015fli\/\u0130stanbul, T\u00fcrkiye&#8221; address_lat=&#8221;41.0792369&#8243; address_lng=&#8221;29.010824&#8243; mouse_wheel=&#8221;off&#8221; mobile_dragging=&#8221;off&#8221; _builder_version=&#8221;4.20.4&#8243; _module_preset=&#8221;default&#8221; height=&#8221;480px&#8221; child_filter_saturate=&#8221;54%&#8221; child_filter_sepia=&#8221;10%&#8221; global_colors_info=&#8221;{}&#8221;][et_pb_map_pin pin_address=&#8221;Esentepe Mahallesi, Ali Kaya Sokak Apa Nef Plaza, No: 3 Kat: 5, Esentepe, 34394 \u015ei\u015fli\/\u0130stanbul, T\u00fcrkiye&#8221; pin_address_lat=&#8221;41.0792528&#8243; pin_address_lng=&#8221;29.0104053&#8243; _builder_version=&#8221;4.20.4&#8243; _module_preset=&#8221;default&#8221; global_colors_info=&#8221;{}&#8221;][\/et_pb_map_pin][\/et_pb_fullwidth_map][\/et_pb_section][et_pb_section fb_built=&#8221;1&#8243; _builder_version=&#8221;4.20.4&#8243; _module_preset=&#8221;default&#8221; global_colors_info=&#8221;{}&#8221;][et_pb_row column_structure=&#8221;1_3,1_3,1_3&#8243; _builder_version=&#8221;4.20.4&#8243; _module_preset=&#8221;default&#8221; global_colors_info=&#8221;{}&#8221;][et_pb_column type=&#8221;1_3&#8243; _builder_version=&#8221;4.20.4&#8243; _module_preset=&#8221;default&#8221; global_colors_info=&#8221;{}&#8221;][et_pb_text _builder_version=&#8221;4.20.4&#8243; _module_preset=&#8221;default&#8221; global_colors_info=&#8221;{}&#8221;]<\/p>\n<p class=\"small\"><strong>ADDRESS<\/strong><\/p>\n<p>Esentepe mah. Ali Kaya Sok. Apa Nef Plaza No:3 Kat:4 34394 \u015ei\u015fli, Istanbul &#8211; T\u00fcrkiye<\/p>\n<p>[\/et_pb_text][\/et_pb_column][et_pb_column type=&#8221;1_3&#8243; _builder_version=&#8221;4.20.4&#8243; _module_preset=&#8221;default&#8221; global_colors_info=&#8221;{}&#8221;][et_pb_text _builder_version=&#8221;4.20.4&#8243; _module_preset=&#8221;default&#8221; global_colors_info=&#8221;{}&#8221;]<\/p>\n<p class=\"small\"><strong>CONTACT<\/strong><\/p>\n<p>Tel: +90 (212) 311 49 40<\/p>\n<p>[\/et_pb_text][et_pb_social_media_follow _builder_version=&#8221;4.20.4&#8243; _module_preset=&#8221;default&#8221; custom_margin=&#8221;-20px|||-12px|false|false&#8221; global_colors_info=&#8221;{}&#8221;][et_pb_social_media_follow_network social_network=&#8221;facebook&#8221; url=&#8221;https:\/\/www.facebook.com\/MedinaTurgul&#8221; icon_color=&#8221;#aaaaaa&#8221; _builder_version=&#8221;4.20.4&#8243; _module_preset=&#8221;default&#8221; background_color=&#8221;RGBA(255,255,255,0)&#8221; background_enable_color=&#8221;on&#8221; global_colors_info=&#8221;{}&#8221; follow_button=&#8221;off&#8221; url_new_window=&#8221;on&#8221;]facebook[\/et_pb_social_media_follow_network][et_pb_social_media_follow_network social_network=&#8221;twitter&#8221; url=&#8221;https:\/\/twitter.com\/MedinaTurgulDDB&#8221; icon_color=&#8221;#aaaaaa&#8221; _builder_version=&#8221;4.20.4&#8243; _module_preset=&#8221;default&#8221; background_color=&#8221;RGBA(255,255,255,0)&#8221; background_enable_color=&#8221;on&#8221; global_colors_info=&#8221;{}&#8221; follow_button=&#8221;off&#8221; url_new_window=&#8221;on&#8221;]twitter[\/et_pb_social_media_follow_network][et_pb_social_media_follow_network social_network=&#8221;instagram&#8221; url=&#8221;http:\/\/www.instagram.com\/medinaturgulddb&#8221; icon_color=&#8221;#aaaaaa&#8221; _builder_version=&#8221;4.20.4&#8243; _module_preset=&#8221;default&#8221; background_color=&#8221;RGBA(255,255,255,0)&#8221; background_enable_color=&#8221;on&#8221; global_colors_info=&#8221;{}&#8221; follow_button=&#8221;off&#8221; url_new_window=&#8221;on&#8221;]instagram[\/et_pb_social_media_follow_network][et_pb_social_media_follow_network social_network=&#8221;vimeo&#8221; url=&#8221;http:\/\/vimeo.com\/user12336428&#8243; icon_color=&#8221;#aaaaaa&#8221; _builder_version=&#8221;4.20.4&#8243; _module_preset=&#8221;default&#8221; background_color=&#8221;RGBA(255,255,255,0)&#8221; background_enable_color=&#8221;on&#8221; global_colors_info=&#8221;{}&#8221; follow_button=&#8221;off&#8221; url_new_window=&#8221;on&#8221;]vimeo[\/et_pb_social_media_follow_network][et_pb_social_media_follow_network social_network=&#8221;linkedin&#8221; url=&#8221;http:\/\/tr.linkedin.com\/company\/medina-turgul-ddb-reklam-hizm.-tic.ve-san.-a.-.&#8221; icon_color=&#8221;#aaaaaa&#8221; _builder_version=&#8221;4.20.4&#8243; _module_preset=&#8221;default&#8221; background_color=&#8221;RGBA(255,255,255,0)&#8221; background_enable_color=&#8221;on&#8221; global_colors_info=&#8221;{}&#8221; follow_button=&#8221;off&#8221; url_new_window=&#8221;on&#8221;]linkedin[\/et_pb_social_media_follow_network][\/et_pb_social_media_follow][\/et_pb_column][et_pb_column type=&#8221;1_3&#8243; _builder_version=&#8221;4.20.4&#8243; _module_preset=&#8221;default&#8221; global_colors_info=&#8221;{}&#8221;][et_pb_text _builder_version=&#8221;4.20.4&#8243; _module_preset=&#8221;default&#8221; global_colors_info=&#8221;{}&#8221;]<\/p>\n<p class=\"small\"><strong>SEND E-MAIL<\/strong><\/p>\n<p><a class=\"hover-colored\" href=\"mailto:iletisim@ddb.com.tr\">iletisim@ddb.com.tr<\/a><\/p>\n<p>[\/et_pb_text][\/et_pb_column][\/et_pb_row][\/et_pb_section][et_pb_section fb_built=&#8221;1&#8243; _builder_version=&#8221;4.20.4&#8243; _module_preset=&#8221;default&#8221; global_colors_info=&#8221;{}&#8221;][et_pb_row _builder_version=&#8221;4.20.4&#8243; _module_preset=&#8221;default&#8221; global_colors_info=&#8221;{}&#8221;][et_pb_column type=&#8221;4_4&#8243; _builder_version=&#8221;4.20.4&#8243; _module_preset=&#8221;default&#8221; global_colors_info=&#8221;{}&#8221;][et_pb_text _builder_version=&#8221;4.27.0&#8243; _module_preset=&#8221;default&#8221; hover_enabled=&#8221;0&#8243; global_colors_info=&#8221;{}&#8221; sticky_enabled=&#8221;0&#8243;]<\/p>\n<p class=\"small\"><strong>JOIN US<\/strong><\/p>\n<p>Send your CV to <a href=\"mailto:kariyer@istanbul.ddb.com\">kariyer@istanbul.ddb.com<\/a>. See you soon.<\/p>\n<p>[\/et_pb_text][\/et_pb_column][\/et_pb_row][et_pb_row _builder_version=&#8221;4.20.4&#8243; _module_preset=&#8221;default&#8221; global_colors_info=&#8221;{}&#8221;][et_pb_column type=&#8221;4_4&#8243; _builder_version=&#8221;4.20.4&#8243; _module_preset=&#8221;default&#8221; global_colors_info=&#8221;{}&#8221;][et_pb_text _builder_version=&#8221;4.20.4&#8243; _module_preset=&#8221;default&#8221; header_font=&#8221;|700|||||||&#8221; header_text_color=&#8221;#27cbcb&#8221; header_font_size=&#8221;57px&#8221; header_line_height=&#8221;64px&#8221; global_colors_info=&#8221;{}&#8221;]<\/p>\n<h1 style=\"text-align: right;\">Have a nice day.<\/h1>\n<p>[\/et_pb_text][\/et_pb_column][\/et_pb_row][\/et_pb_section]<\/p>\n","protected":false},"excerpt":{"rendered":"<p>\/CONTACTLet&#8217;s meet upsoonADDRESS Esentepe mah. Ali Kaya Sok. Apa Nef Plaza No:3 Kat:4 34394 \u015ei\u015fli, Istanbul &#8211; T\u00fcrkiyeCONTACT Tel: +90 (212) 311 49 40SEND E-MAIL iletisim@ddb.com.trJOIN US Send your CV to kariyer@istanbul.ddb.com. See you soon.Have a nice day.<\/p>\n","protected":false},"author":1,"featured_media":0,"parent":0,"menu_order":0,"comment_status":"closed","ping_status":"closed","template":"","meta":{"_acf_changed":false,"_et_pb_use_builder":"on","_et_pb_old_content":"","_et_gb_content_width":"","footnotes":""},"class_list":["post-112674","page","type-page","status-publish","hentry"],"acf":[],"_links":{"self":[{"href":"https:\/\/istanbul.ddb.com\/en\/wp-json\/wp\/v2\/pages\/112674","targetHints":{"allow":["GET"]}}],"collection":[{"href":"https:\/\/istanbul.ddb.com\/en\/wp-json\/wp\/v2\/pages"}],"about":[{"href":"https:\/\/istanbul.ddb.com\/en\/wp-json\/wp\/v2\/types\/page"}],"author":[{"embeddable":true,"href":"https:\/\/istanbul.ddb.com\/en\/wp-json\/wp\/v2\/users\/1"}],"replies":[{"embeddable":true,"href":"https:\/\/istanbul.ddb.com\/en\/wp-json\/wp\/v2\/comments?post=112674"}],"version-history":[{"count":0,"href":"https:\/\/istanbul.ddb.com\/en\/wp-json\/wp\/v2\/pages\/112674\/revisions"}],"wp:attachment":[{"href":"https:\/\/istanbul.ddb.com\/en\/wp-json\/wp\/v2\/media?parent=112674"}],"curies":[{"name":"wp","href":"https:\/\/api.w.org\/{rel}","templated":true}]}}